{"id":10834,"date":"2021-06-30T10:55:09","date_gmt":"2021-06-30T10:55:09","guid":{"rendered":"https:\/\/localhost\/cardealer\/?page_id=10834"},"modified":"2026-03-14T14:09:10","modified_gmt":"2026-03-14T14:09:10","slug":"contact-01","status":"publish","type":"page","link":"https:\/\/baroautos.cl\/wp62\/contact-01\/","title":{"rendered":"Contacto"},"content":{"rendered":"\t\t<div data-elementor-type=\"wp-page\" data-elementor-id=\"10834\" class=\"elementor elementor-10834\" data-elementor-post-type=\"page\">\n\t\t\t\t\t\t\t\t\t<section class=\"elementor-section elementor-top-section elementor-element elementor-element-7336 elementor-section-stretched elementor-section-boxed elementor-section-height-default elementor-section-height-default\" data-id=\"7336\" data-element_type=\"section\" data-settings=\"{&quot;stretch_section&quot;:&quot;section-stretched&quot;}\">\n\t\t\t\t\t\t<div class=\"elementor-container elementor-column-gap-default\">\n\t\t\t\t\t<div class=\"elementor-column elementor-col-100 elementor-top-column elementor-element elementor-element-2cd1\" data-id=\"2cd1\" data-element_type=\"column\">\n\t\t\t<div class=\"elementor-widget-wrap elementor-element-populated\">\n\t\t\t\t\t\t\t\t<section class=\"elementor-section elementor-inner-section elementor-element elementor-element-52e3 elementor-section-boxed elementor-section-height-default elementor-section-height-default\" data-id=\"52e3\" data-element_type=\"section\">\n\t\t\t\t\t\t<div class=\"elementor-container elementor-column-gap-default\">\n\t\t\t\t\t<div class=\"elementor-column elementor-col-100 elementor-inner-column elementor-element elementor-element-3b12\" data-id=\"3b12\" data-element_type=\"column\">\n\t\t\t<div class=\"elementor-widget-wrap elementor-element-populated\">\n\t\t\t\t\t\t\t\t<div class=\"elementor-element elementor-element-7a9d elementor-widget elementor-widget-cdhl_section-title\" data-id=\"7a9d\" data-element_type=\"widget\" data-widget_type=\"cdhl_section-title.default\">\n\t\t\t\t<div class=\"elementor-widget-container\">\n\t\t\t<div class=\"cdhl_section-title_wrapper\">\n\t<div class=\"section-title text-center style_1\" id=\"7a9d\">\n\t\t\t<span class=\"sub-title\">Tienes dudas?<\/span>\n\t\t<h2 class=\"main-title\">\n\t\t\tCont\u00e1ctanos\t\t<\/h2>\n\t\t\t\t\t<div class=\"separator\"><\/div>\n\t\t\t\t<\/div>\n<\/div>\n\t\t<\/div>\n\t\t\t\t<\/div>\n\t\t\t\t\t<\/div>\n\t\t<\/div>\n\t\t\t\t\t\t\t<\/div>\n\t\t<\/section>\n\t\t\t\t\t<\/div>\n\t\t<\/div>\n\t\t\t\t\t\t\t<\/div>\n\t\t<\/section>\n\t\t\t\t<section class=\"elementor-section elementor-top-section elementor-element elementor-element-31b0bfd elementor-section-boxed elementor-section-height-default elementor-section-height-default\" data-id=\"31b0bfd\" data-element_type=\"section\">\n\t\t\t\t\t\t<div class=\"elementor-container elementor-column-gap-default\">\n\t\t\t\t\t<div class=\"elementor-column elementor-col-66 elementor-top-column elementor-element elementor-element-6d75701\" data-id=\"6d75701\" data-element_type=\"column\">\n\t\t\t<div class=\"elementor-widget-wrap elementor-element-populated\">\n\t\t\t\t\t\t\t\t<div class=\"elementor-element elementor-element-3237 elementor-widget elementor-widget-text-editor\" data-id=\"3237\" data-element_type=\"widget\" data-widget_type=\"text-editor.default\">\n\t\t\t\t<div class=\"elementor-widget-container\">\n\t\t\t<style>\/*! elementor - v3.18.0 - 20-12-2023 *\/\n.elementor-widget-text-editor.elementor-drop-cap-view-stacked .elementor-drop-cap{background-color:#69727d;color:#fff}.elementor-widget-text-editor.elementor-drop-cap-view-framed .elementor-drop-cap{color:#69727d;border:3px solid;background-color:transparent}.elementor-widget-text-editor:not(.elementor-drop-cap-view-default) .elementor-drop-cap{margin-top:8px}.elementor-widget-text-editor:not(.elementor-drop-cap-view-default) .elementor-drop-cap-letter{width:1em;height:1em}.elementor-widget-text-editor .elementor-drop-cap{float:left;text-align:center;line-height:1;font-size:50px}.elementor-widget-text-editor .elementor-drop-cap-letter{display:inline-block}<\/style>\t\t\t\t<div class=\"wpcf7 no-js\" id=\"wpcf7-f11028-o1\" lang=\"en-US\" dir=\"ltr\">\n<div class=\"screen-reader-response\"><p role=\"status\" aria-live=\"polite\" aria-atomic=\"true\"><\/p> <ul><\/ul><\/div>\n<form action=\"\/wp62\/wp-json\/wp\/v2\/pages\/10834#wpcf7-f11028-o1\" method=\"post\" class=\"wpcf7-form init\" aria-label=\"Contact form\" novalidate=\"novalidate\" data-status=\"init\">\n<div style=\"display: none;\">\n<input type=\"hidden\" name=\"_wpcf7\" value=\"11028\" \/>\n<input type=\"hidden\" name=\"_wpcf7_version\" value=\"5.8.6\" \/>\n<input type=\"hidden\" name=\"_wpcf7_locale\" value=\"en_US\" \/>\n<input type=\"hidden\" name=\"_wpcf7_unit_tag\" value=\"wpcf7-f11028-o1\" \/>\n<input type=\"hidden\" name=\"_wpcf7_container_post\" value=\"0\" \/>\n<input type=\"hidden\" name=\"_wpcf7_posted_data_hash\" value=\"\" \/>\n<input type=\"hidden\" name=\"cdhl_skip_fields\" value=\"\" \/>\n<\/div>\n<div class=\"row\">\n\t<div class=\"col-lg-12 col-md-4\">\n\t\t<div class=\"form-group\">\n\t\t\t<p><span class=\"wpcf7-form-control-wrap\" data-name=\"your-name\"><input size=\"40\" class=\"wpcf7-form-control wpcf7-text wpcf7-validates-as-required form-control\" aria-required=\"true\" aria-invalid=\"false\" placeholder=\"Nombre*\" value=\"\" type=\"text\" name=\"your-name\" \/><\/span>\n\t\t\t<\/p>\n\t\t<\/div>\n\t<\/div>\n\t<div class=\"col-lg-6 col-md-4\">\n\t\t<div class=\"form-group\">\n\t\t\t<p><span class=\"wpcf7-form-control-wrap\" data-name=\"email\"><input size=\"40\" class=\"wpcf7-form-control wpcf7-email wpcf7-validates-as-required wpcf7-text wpcf7-validates-as-email form-control\" aria-required=\"true\" aria-invalid=\"false\" placeholder=\"Email*\" value=\"\" type=\"email\" name=\"email\" \/><\/span>\n\t\t\t<\/p>\n\t\t<\/div>\n\t<\/div>\n\t<div class=\"col-lg-6 col-md-4\">\n\t\t<div class=\"form-group\">\n\t\t\t<p><span class=\"wpcf7-form-control-wrap\" data-name=\"phone\"><input size=\"40\" class=\"wpcf7-form-control wpcf7-text wpcf7-validates-as-required form-control input-message\" aria-required=\"true\" aria-invalid=\"false\" placeholder=\"Tel\u00e9fono*\" value=\"\" type=\"text\" name=\"phone\" \/><\/span>\n\t\t\t<\/p>\n\t\t<\/div>\n\t<\/div>\n\t<div class=\"col-lg-12 col-md-12\">\n\t\t<div class=\"form-group\">\n\t\t\t<p><span class=\"wpcf7-form-control-wrap\" data-name=\"comment\"><textarea cols=\"40\" rows=\"10\" class=\"wpcf7-form-control wpcf7-textarea wpcf7-validates-as-required form-control\" aria-required=\"true\" aria-invalid=\"false\" placeholder=\"Mensaje*\" name=\"comment\"><\/textarea><\/span>\n\t\t\t<\/p>\n\t\t<\/div>\n\t<\/div>\n\t<div class=\"col-lg-12 col-md-12\">\n\t\t<p><input class=\"wpcf7-form-control wpcf7-submit has-spinner button red\" type=\"submit\" value=\"Enviar\" \/>\n\t\t<\/p>\n\t<\/div>\n<\/div><div class=\"wpcf7-response-output\" aria-hidden=\"true\"><\/div>\n<\/form>\n<\/div>\t\t\t\t\t\t<\/div>\n\t\t\t\t<\/div>\n\t\t\t\t\t<\/div>\n\t\t<\/div>\n\t\t\t\t<div class=\"elementor-column elementor-col-33 elementor-top-column elementor-element elementor-element-54f68c9\" data-id=\"54f68c9\" data-element_type=\"column\">\n\t\t\t<div class=\"elementor-widget-wrap elementor-element-populated\">\n\t\t\t\t\t\t\t\t<div class=\"elementor-element elementor-element-2866377 elementor-widget elementor-widget-heading\" data-id=\"2866377\" data-element_type=\"widget\" data-widget_type=\"heading.default\">\n\t\t\t\t<div class=\"elementor-widget-container\">\n\t\t\t<style>\/*! elementor - v3.18.0 - 20-12-2023 *\/\n.elementor-heading-title{padding:0;margin:0;line-height:1}.elementor-widget-heading .elementor-heading-title[class*=elementor-size-]>a{color:inherit;font-size:inherit;line-height:inherit}.elementor-widget-heading .elementor-heading-title.elementor-size-small{font-size:15px}.elementor-widget-heading .elementor-heading-title.elementor-size-medium{font-size:19px}.elementor-widget-heading .elementor-heading-title.elementor-size-large{font-size:29px}.elementor-widget-heading .elementor-heading-title.elementor-size-xl{font-size:39px}.elementor-widget-heading .elementor-heading-title.elementor-size-xxl{font-size:59px}<\/style><h2 class=\"elementor-heading-title elementor-size-default\">Horario de atenci\u00f3n<\/h2>\t\t<\/div>\n\t\t\t\t<\/div>\n\t\t<div class=\"elementor-element elementor-element-a24c22f e-flex e-con-boxed e-con e-parent\" data-id=\"a24c22f\" data-element_type=\"container\" data-settings=\"{&quot;container_type&quot;:&quot;flex&quot;,&quot;content_width&quot;:&quot;boxed&quot;}\" data-core-v316-plus=\"true\">\n\t\t\t\t\t<div class=\"e-con-inner\">\n\t\t\t\t<div class=\"elementor-element elementor-element-e699501 elementor-widget elementor-widget-text-editor\" data-id=\"e699501\" data-element_type=\"widget\" data-widget_type=\"text-editor.default\">\n\t\t\t\t<div class=\"elementor-widget-container\">\n\t\t\t\t\t\t\t<ul><li><strong>Lunes a Viernes: <\/strong>09:00 &#8211; 19:00<\/li><li><strong>S\u00e1bados:<\/strong> 10:00 &#8211; 14:00 horas<\/li><\/ul>\t\t\t\t\t\t<\/div>\n\t\t\t\t<\/div>\n\t\t\t\t<div class=\"elementor-element elementor-element-0cef58c elementor-widget elementor-widget-heading\" data-id=\"0cef58c\" data-element_type=\"widget\" data-widget_type=\"heading.default\">\n\t\t\t\t<div class=\"elementor-widget-container\">\n\t\t\t<h2 class=\"elementor-heading-title elementor-size-default\">Atenci\u00f3n online<\/h2>\t\t<\/div>\n\t\t\t\t<\/div>\n\t\t\t\t\t<\/div>\n\t\t\t\t<\/div>\n\t\t<div class=\"elementor-element elementor-element-46599ee e-flex e-con-boxed e-con e-parent\" data-id=\"46599ee\" data-element_type=\"container\" data-settings=\"{&quot;container_type&quot;:&quot;flex&quot;,&quot;content_width&quot;:&quot;boxed&quot;}\" data-core-v316-plus=\"true\">\n\t\t\t\t\t<div class=\"e-con-inner\">\n\t\t\t\t<div class=\"elementor-element elementor-element-7605ebb elementor-widget elementor-widget-text-editor\" data-id=\"7605ebb\" data-element_type=\"widget\" data-widget_type=\"text-editor.default\">\n\t\t\t\t<div class=\"elementor-widget-container\">\n\t\t\t\t\t\t\t<p><strong>24\/7<\/strong><\/p>\t\t\t\t\t\t<\/div>\n\t\t\t\t<\/div>\n\t\t\t\t<div class=\"elementor-element elementor-element-9f4792a elementor-widget elementor-widget-text-editor\" data-id=\"9f4792a\" data-element_type=\"widget\" data-widget_type=\"text-editor.default\">\n\t\t\t\t<div class=\"elementor-widget-container\">\n\t\t\t\t\t\t\t<ul><li style=\"list-style-type: none;\"><ul><li><strong>+569 7893 0272<\/strong><\/li><\/ul><\/li><\/ul><ul><li style=\"list-style-type: none;\"><ul><li><strong>+569 7579 4739<\/strong><\/li><\/ul><\/li><\/ul><ul><li style=\"list-style-type: none;\"><ul><li><strong>+569 9099 6012<\/strong><\/li><li><strong>+569 8602 1740<\/strong><\/li><\/ul><\/li><\/ul>\t\t\t\t\t\t<\/div>\n\t\t\t\t<\/div>\n\t\t<div class=\"elementor-element elementor-element-5676695 e-grid e-con-boxed e-con e-child\" data-id=\"5676695\" data-element_type=\"container\" data-settings=\"{&quot;container_type&quot;:&quot;grid&quot;,&quot;grid_columns_grid&quot;:{&quot;unit&quot;:&quot;fr&quot;,&quot;size&quot;:2,&quot;sizes&quot;:[]},&quot;grid_rows_grid&quot;:{&quot;unit&quot;:&quot;fr&quot;,&quot;size&quot;:1,&quot;sizes&quot;:[]},&quot;content_width&quot;:&quot;boxed&quot;,&quot;grid_outline&quot;:&quot;yes&quot;,&quot;grid_columns_grid_tablet&quot;:{&quot;unit&quot;:&quot;fr&quot;,&quot;size&quot;:&quot;&quot;,&quot;sizes&quot;:[]},&quot;grid_columns_grid_mobile&quot;:{&quot;unit&quot;:&quot;fr&quot;,&quot;size&quot;:1,&quot;sizes&quot;:[]},&quot;grid_rows_grid_tablet&quot;:{&quot;unit&quot;:&quot;fr&quot;,&quot;size&quot;:&quot;&quot;,&quot;sizes&quot;:[]},&quot;grid_rows_grid_mobile&quot;:{&quot;unit&quot;:&quot;fr&quot;,&quot;size&quot;:&quot;&quot;,&quot;sizes&quot;:[]},&quot;grid_auto_flow&quot;:&quot;row&quot;,&quot;grid_auto_flow_tablet&quot;:&quot;row&quot;,&quot;grid_auto_flow_mobile&quot;:&quot;row&quot;}\">\n\t\t\t\t\t<div class=\"e-con-inner\">\n\t\t\t\t<div class=\"elementor-element elementor-element-7e1ecbc elementor-widget elementor-widget-image\" data-id=\"7e1ecbc\" data-element_type=\"widget\" data-widget_type=\"image.default\">\n\t\t\t\t<div class=\"elementor-widget-container\">\n\t\t\t<style>\/*! elementor - v3.18.0 - 20-12-2023 *\/\n.elementor-widget-image{text-align:center}.elementor-widget-image a{display:inline-block}.elementor-widget-image a img[src$=\".svg\"]{width:48px}.elementor-widget-image img{vertical-align:middle;display:inline-block}<\/style>\t\t\t\t\t\t\t\t\t\t\t\t\t<a href=\"https:\/\/web.facebook.com\/profile.php?id=61556077110712\">\n\t\t\t\t\t\t\t<img fetchpriority=\"high\" decoding=\"async\" width=\"500\" height=\"500\" src=\"https:\/\/baroautos.cl\/wp62\/wp-content\/uploads\/2024\/03\/pngegg.png\" class=\"attachment-large size-large wp-image-12163\" alt=\"\" srcset=\"https:\/\/baroautos.cl\/wp62\/wp-content\/uploads\/2024\/03\/pngegg.png 500w, https:\/\/baroautos.cl\/wp62\/wp-content\/uploads\/2024\/03\/pngegg-300x300.png 300w, https:\/\/baroautos.cl\/wp62\/wp-content\/uploads\/2024\/03\/pngegg-150x150.png 150w, https:\/\/baroautos.cl\/wp62\/wp-content\/uploads\/2024\/03\/pngegg-50x50.png 50w\" sizes=\"(max-width: 500px) 100vw, 500px\" \/>\t\t\t\t\t\t\t\t<\/a>\n\t\t\t\t\t\t\t\t\t\t\t\t\t\t\t<\/div>\n\t\t\t\t<\/div>\n\t\t\t\t<div class=\"elementor-element elementor-element-a237c2e elementor-widget elementor-widget-image\" data-id=\"a237c2e\" data-element_type=\"widget\" data-widget_type=\"image.default\">\n\t\t\t\t<div class=\"elementor-widget-container\">\n\t\t\t\t\t\t\t\t\t\t\t\t\t\t\t\t<a href=\"https:\/\/api.whatsapp.com\/send\/?phone=56975794739&#038;text=Hola%2C+estoy+buscando+un+vehiculo&#038;type=phone_number&#038;app_absent=0\">\n\t\t\t\t\t\t\t<img decoding=\"async\" width=\"500\" height=\"501\" src=\"https:\/\/baroautos.cl\/wp62\/wp-content\/uploads\/2024\/03\/pngegg-1.png\" class=\"attachment-large size-large wp-image-12168\" alt=\"\" srcset=\"https:\/\/baroautos.cl\/wp62\/wp-content\/uploads\/2024\/03\/pngegg-1.png 500w, https:\/\/baroautos.cl\/wp62\/wp-content\/uploads\/2024\/03\/pngegg-1-300x300.png 300w, https:\/\/baroautos.cl\/wp62\/wp-content\/uploads\/2024\/03\/pngegg-1-150x150.png 150w, https:\/\/baroautos.cl\/wp62\/wp-content\/uploads\/2024\/03\/pngegg-1-50x50.png 50w, https:\/\/baroautos.cl\/wp62\/wp-content\/uploads\/2024\/03\/elementor\/thumbs\/pngegg-1-ql2nkvt4o6s70h9kki56k9s1cd3axskn9oce8ks194.png 60w\" sizes=\"(max-width: 500px) 100vw, 500px\" \/>\t\t\t\t\t\t\t\t<\/a>\n\t\t\t\t\t\t\t\t\t\t\t\t\t\t\t<\/div>\n\t\t\t\t<\/div>\n\t\t\t\t\t<\/div>\n\t\t\t\t<\/div>\n\t\t\t\t\t<\/div>\n\t\t\t\t<\/div>\n\t\t\t\t\t<\/div>\n\t\t<\/div>\n\t\t\t\t\t\t\t<\/div>\n\t\t<\/section>\n\t\t\t\t<section class=\"elementor-section elementor-top-section elementor-element elementor-element-721a elementor-section-stretched elementor-section-boxed elementor-section-height-default elementor-section-height-default\" data-id=\"721a\" data-element_type=\"section\" data-settings=\"{&quot;stretch_section&quot;:&quot;section-stretched&quot;}\">\n\t\t\t\t\t\t<div class=\"elementor-container elementor-column-gap-default\">\n\t\t\t\t\t<div class=\"elementor-column elementor-col-50 elementor-top-column elementor-element elementor-element-2509\" data-id=\"2509\" data-element_type=\"column\">\n\t\t\t<div class=\"elementor-widget-wrap elementor-element-populated\">\n\t\t\t\t\t\t\t\t<div class=\"elementor-element elementor-element-610 elementor-widget elementor-widget-cdhl_feature-box\" data-id=\"610\" data-element_type=\"widget\" data-widget_type=\"cdhl_feature-box.default\">\n\t\t\t\t<div class=\"elementor-widget-container\">\n\t\t\t<div class=\"cdhl_feature-box_wrapper\">\n\t<div class=\"style-7 round-border no-image feature-box\" id=\"cd_feature_box_610\" >\n\t\t\t\t<div class=\"icon\">\n\t\t\t<svg aria-hidden=\"true\" class=\"e-font-icon-svg e-fas-clock\" viewBox=\"0 0 512 512\" xmlns=\"http:\/\/www.w3.org\/2000\/svg\"><path d=\"M256,8C119,8,8,119,8,256S119,504,256,504,504,393,504,256,393,8,256,8Zm92.49,313h0l-20,25a16,16,0,0,1-22.49,2.5h0l-67-49.72a40,40,0,0,1-15-31.23V112a16,16,0,0,1,16-16h32a16,16,0,0,1,16,16V256l58,42.5A16,16,0,0,1,348.49,321Z\"><\/path><\/svg>\t\t<\/div>\n\t\t<div class=\"content\">\n\t\t\t<a >\n\t\t\t\t<h6>Horario<\/h6>\t\t\t<\/a>\n\t\t\t<p>Tu importadora de veh\u00edculos coreanos en Iquique! Estamos aqu\u00ed para atenderte y ofrecerte la mejor selecci\u00f3n de veh\u00edculos coreanos de la m\u00e1s alta calidad<\/p>\t\t<\/div>\n\t<\/div>\n<\/div>\n\t\t<\/div>\n\t\t\t\t<\/div>\n\t\t\t\t\t<\/div>\n\t\t<\/div>\n\t\t\t\t<div class=\"elementor-column elementor-col-50 elementor-top-column elementor-element elementor-element-312f\" data-id=\"312f\" data-element_type=\"column\">\n\t\t\t<div class=\"elementor-widget-wrap elementor-element-populated\">\n\t\t\t\t\t\t\t\t<div class=\"elementor-element elementor-element-330e elementor-widget elementor-widget-cdhl_feature-box\" data-id=\"330e\" data-element_type=\"widget\" data-widget_type=\"cdhl_feature-box.default\">\n\t\t\t\t<div class=\"elementor-widget-container\">\n\t\t\t<div class=\"cdhl_feature-box_wrapper\">\n\t<div class=\"style-7 round-border no-image feature-box\" id=\"cd_feature_box_330e\" >\n\t\t\t\t<div class=\"icon\">\n\t\t\t<svg aria-hidden=\"true\" class=\"e-font-icon-svg e-fas-life-ring\" viewBox=\"0 0 512 512\" xmlns=\"http:\/\/www.w3.org\/2000\/svg\"><path d=\"M256 8C119.033 8 8 119.033 8 256s111.033 248 248 248 248-111.033 248-248S392.967 8 256 8zm173.696 119.559l-63.399 63.399c-10.987-18.559-26.67-34.252-45.255-45.255l63.399-63.399a218.396 218.396 0 0 1 45.255 45.255zM256 352c-53.019 0-96-42.981-96-96s42.981-96 96-96 96 42.981 96 96-42.981 96-96 96zM127.559 82.304l63.399 63.399c-18.559 10.987-34.252 26.67-45.255 45.255l-63.399-63.399a218.372 218.372 0 0 1 45.255-45.255zM82.304 384.441l63.399-63.399c10.987 18.559 26.67 34.252 45.255 45.255l-63.399 63.399a218.396 218.396 0 0 1-45.255-45.255zm302.137 45.255l-63.399-63.399c18.559-10.987 34.252-26.67 45.255-45.255l63.399 63.399a218.403 218.403 0 0 1-45.255 45.255z\"><\/path><\/svg>\t\t<\/div>\n\t\t<div class=\"content\">\n\t\t\t<a >\n\t\t\t\t<h6>Consultas<\/h6>\t\t\t<\/a>\n\t\t\t<p>Estamos aqu\u00ed para atender todas tus consultas y brindarte la mejor asistencia posible. Env\u00edenos sus consultas al mail info @ baroautos . cl.\n<\/p>\t\t<\/div>\n\t<\/div>\n<\/div>\n\t\t<\/div>\n\t\t\t\t<\/div>\n\t\t\t\t\t<\/div>\n\t\t<\/div>\n\t\t\t\t\t\t\t<\/div>\n\t\t<\/section>\n\t\t\t\t<section class=\"elementor-section elementor-top-section elementor-element elementor-element-6c41 elementor-section-full_width elementor-section-stretched elementor-section-height-default elementor-section-height-default\" data-id=\"6c41\" data-element_type=\"section\" data-settings=\"{&quot;stretch_section&quot;:&quot;section-stretched&quot;}\">\n\t\t\t\t\t\t<div class=\"elementor-container elementor-column-gap-default\">\n\t\t\t\t\t<div class=\"elementor-column elementor-col-100 elementor-top-column elementor-element elementor-element-728\" data-id=\"728\" data-element_type=\"column\">\n\t\t\t<div class=\"elementor-widget-wrap elementor-element-populated\">\n\t\t\t\t\t\t\t\t<div class=\"elementor-element elementor-element-0796a74 elementor-widget elementor-widget-google_maps\" data-id=\"0796a74\" data-element_type=\"widget\" data-widget_type=\"google_maps.default\">\n\t\t\t\t<div class=\"elementor-widget-container\">\n\t\t\t<style>\/*! elementor - v3.18.0 - 20-12-2023 *\/\n.elementor-widget-google_maps .elementor-widget-container{overflow:hidden}.elementor-widget-google_maps .elementor-custom-embed{line-height:0}.elementor-widget-google_maps iframe{height:300px}<\/style>\t\t<div class=\"elementor-custom-embed\">\n\t\t\t<iframe loading=\"lazy\"\n\t\t\t\t\tsrc=\"https:\/\/maps.google.com\/maps?q=santa%20rosa%20de%20huara%2028%2C%20iquique&#038;t=m&#038;z=16&#038;output=embed&#038;iwloc=near\"\n\t\t\t\t\ttitle=\"santa rosa de huara 28, iquique\"\n\t\t\t\t\taria-label=\"santa rosa de huara 28, iquique\"\n\t\t\t><\/iframe>\n\t\t<\/div>\n\t\t\t\t<\/div>\n\t\t\t\t<\/div>\n\t\t\t\t\t<\/div>\n\t\t<\/div>\n\t\t\t\t\t\t\t<\/div>\n\t\t<\/section>\n\t\t\t\t\t\t\t<\/div>\n\t\t","protected":false},"excerpt":{"rendered":"<p>Tienes dudas? Cont\u00e1ctanos Horario de atenci\u00f3n Lunes a Viernes: 09:00 &#8211; 19:00 S\u00e1bados: 10:00 &#8211; 14:00 horas Atenci\u00f3n online 24\/7 +569 7893 0272 +569 7579 4739 +569 9099 6012 +569 8602 1740 Horario Tu importadora de veh\u00edculos coreanos en Iquique! Estamos aqu\u00ed para atenderte y ofrecerte la mejor selecci\u00f3n de veh\u00edculos coreanos de la m\u00e1s [&hellip;]<\/p>\n","protected":false},"author":1,"featured_media":0,"parent":0,"menu_order":0,"comment_status":"closed","ping_status":"closed","template":"templates\/cadealer-elementor-full-width.php","meta":{"footnotes":"","_joinchat":[]},"acf":[],"_links":{"self":[{"href":"https:\/\/baroautos.cl\/wp62\/wp-json\/wp\/v2\/pages\/10834"}],"collection":[{"href":"https:\/\/baroautos.cl\/wp62\/wp-json\/wp\/v2\/pages"}],"about":[{"href":"https:\/\/baroautos.cl\/wp62\/wp-json\/wp\/v2\/types\/page"}],"author":[{"embeddable":true,"href":"https:\/\/baroautos.cl\/wp62\/wp-json\/wp\/v2\/users\/1"}],"replies":[{"embeddable":true,"href":"https:\/\/baroautos.cl\/wp62\/wp-json\/wp\/v2\/comments?post=10834"}],"version-history":[{"count":12,"href":"https:\/\/baroautos.cl\/wp62\/wp-json\/wp\/v2\/pages\/10834\/revisions"}],"predecessor-version":[{"id":58637,"href":"https:\/\/baroautos.cl\/wp62\/wp-json\/wp\/v2\/pages\/10834\/revisions\/58637"}],"wp:attachment":[{"href":"https:\/\/baroautos.cl\/wp62\/wp-json\/wp\/v2\/media?parent=10834"}],"curies":[{"name":"wp","href":"https:\/\/api.w.org\/{rel}","templated":true}]}}